{"id":27915,"date":"2019-02-02T07:23:02","date_gmt":"2019-02-02T07:23:02","guid":{"rendered":"http:\/\/devops.wpestate.info\/?page_id=27915"},"modified":"2021-03-26T13:52:36","modified_gmt":"2021-03-26T12:52:36","slug":"homepage-elementor","status":"publish","type":"page","link":"https:\/\/athomeingeneva.com\/en\/","title":{"rendered":"Homepage"},"content":{"rendered":"<h2>Looking for property\u00a0? We\u2019ll find it for you. <\/h2>\n<p>\t\t\t\t\t\t\t\t\t\t\t<a href=\"http:\/\/y58k0aicls.preview.infomaniak.website\/achat-wip\/\"><br \/>\n\t\t\t\t\t\t\t<img decoding=\"async\" src=\"https:\/\/www.athomeingeneva.com\/wp-content\/uploads\/elementor\/thumbs\/sidekix-media-wRzBarqn3hs-unsplash-scaled-p3j5mgb9pbxrfozluwdguxs490skm34rk174xxe1zc.jpg\" title=\"sidekix-media-wRzBarqn3hs-unsplash\" alt=\"sidekix-media-wRzBarqn3hs-unsplash\" \/>\t\t\t\t\t\t\t\t<\/a><\/p>\n<h3><a href=\"http:\/\/y58k0aicls.preview.infomaniak.website\/achat-wip\/\">Buy <\/a><\/h3>\n<p>Make your dreams of buying property a reality thanks to our personalised approach and outstanding expertise in real-estate in the Geneva area.<\/p>\n<p>\t\t\t\t\t\t\t\t\t\t\t<a href=\"http:\/\/y58k0aicls.preview.infomaniak.website\/vente-wip\/\"><br \/>\n\t\t\t\t\t\t\t<img decoding=\"async\" src=\"https:\/\/www.athomeingeneva.com\/wp-content\/uploads\/elementor\/thumbs\/image002-scaled-p4b5zw06bvv7h14lyw7h8wb41tmxbqbe7giml6w0w8.jpg\" title=\"image002\" alt=\"image002\" \/>\t\t\t\t\t\t\t\t<\/a><\/p>\n<h3><a href=\"http:\/\/y58k0aicls.preview.infomaniak.website\/vente-wip\/\">Sell <\/a><\/h3>\n<p>At Home in Geneva guarantees that your property will be sold quickly and at the best price.<\/p>\n<p>\t\t\t\t\t\t\t\t\t\t\t<a href=\"http:\/\/y58k0aicls.preview.infomaniak.website\/louer-wip\/\"><br \/>\n\t\t\t\t\t\t\t<img decoding=\"async\" src=\"https:\/\/www.athomeingeneva.com\/wp-content\/uploads\/elementor\/thumbs\/sidekix-media-GznMXolLLdw-unsplash-scaled-p3j5tg80kxilv6tozx9hf67ngaaxwywtuo19k30jns.jpg\" title=\"sidekix-media-GznMXolLLdw-unsplash\" alt=\"sidekix-media-GznMXolLLdw-unsplash\" \/>\t\t\t\t\t\t\t\t<\/a><\/p>\n<h3><a href=\"http:\/\/y58k0aicls.preview.infomaniak.website\/louer-wip\/\">Rent <\/a><\/h3>\n<p>Whatever your property needs or wishes, our expertise in real estate and privileged\nrelationships with our partners in the Geneva market are at your service.<\/p>\n<p>\t\t\t\t\t\t\t\t\t\t\t<a href=\"http:\/\/y58k0aicls.preview.infomaniak.website\/relocation\/\"><br \/>\n\t\t\t\t\t\t\t<img decoding=\"async\" src=\"https:\/\/www.athomeingeneva.com\/wp-content\/uploads\/elementor\/thumbs\/Relocation-p3j8oqpjliwxoksdukllf3v5gl6zrkyypwu42pv3wo.jpg\" title=\"Relocation\" alt=\"Relocation\" \/>\t\t\t\t\t\t\t\t<\/a><\/p>\n<h3><a href=\"http:\/\/y58k0aicls.preview.infomaniak.website\/relocation\/\">Relocation <\/a><\/h3>\n<p>Whether you're looking to move to Switzerland, or if you already call it home, we tailor our services to your needs.<\/p>\n<h2>At Home in Geneva guides and supports you<\/h2>\n<p>With its finger on the pulse of real estate in Western Switzerland, At Home in Geneva is a small, personable Genevan company focused on truly meeting your needs and fulfilling your vision while carefully and openly managing your real-estate goals.<\/p>\n<p>Gr\u00e2ce \u00e0 son expertise locale, \u00e0 sa connaissance du march\u00e9 et \u00e0 son solide r\u00e9seau, l\u2019\u00e9quipe de At\u00a0Home in Geneva, compos\u00e9e exclusivement de professionnels de l\u2019immobilier comp\u00e9tents et\u00a0exp\u00e9riment\u00e9s, met \u00e0 votre disposition son savoir-faire et son engagement en vous offrant un service\u00a0personnalis\u00e9 et sur mesure.<\/p>\n<p>\t\t\t<a href=\"http:\/\/y58k0aicls.preview.infomaniak.website\/about-us\/\" role=\"button\"><br \/>\n\t\t\t\t\t\tFind out more<br \/>\n\t\t\t\t\t<\/a><\/p>\n<h2>A few words from our clients<\/h2>\n<p>\t\t\t               George G.       Vente      Angelina demonstrated the highest degree of professionalism and delivered a great number of candidate real estate cases, before even they got published online ! Her extended network is a guarantee for success and i\u2019d recommend her services.<br \/>\n\t\t\t               Farid B.       Location      Merci pour tout, sans vous je ne pense pas que mon installation \u00e0 Gen\u00e8ve aurait \u00e9t\u00e9 possible ! Vous \u00eates tr\u00e8s sinc\u00e8rement une grande professionnelle qui permet de trouver les solutions. Je vous recommande \u00e0 mon r\u00e9seau en confiance.<br \/>\n\t\t\t               Atef M.       Relocation      I work a lot, the ability to move from place to place quickly and have true monitoring of the best offers around without hassle is invaluable to me. At Home in Geneva enabled me ton find and secure the place of my dreams in the most busy of times.          \t\t<\/p>\n<p>At Home in Geneva takes care of everything. All you have to do... is choose!<\/p>\n<p>At Home in Geneva takes care of your whole real-estate project \u2013 buying, selling, rental, or relocation. Our experts assess your project, research the entire market, make meticulous selections, arrange targeted visits, carry out effective negotiations, find the best-priced offers, request building work quotations, and provide simplified administrative procedures.<\/p>\n<h2>Contact us<\/h2>\n<p>Tell us more about what you\u2019re looking for, and we\u2019ll get back to you shortly.<\/p>\n\n<div class=\"wpcf7 no-js\" id=\"wpcf7-f29057-o1\" lang=\"fr-FR\" dir=\"ltr\" data-wpcf7-id=\"29057\">\n<div class=\"screen-reader-response\"><p role=\"status\" aria-live=\"polite\" aria-atomic=\"true\"><\/p> <ul><\/ul><\/div>\n<form action=\"\/en\/wp-json\/wp\/v2\/pages\/27915#wpcf7-f29057-o1\" method=\"post\" class=\"wpcf7-form init\" aria-label=\"Formulaire de contact\" novalidate=\"novalidate\" data-status=\"init\" data-trp-original-action=\"\/en\/wp-json\/wp\/v2\/pages\/27915#wpcf7-f29057-o1\">\n<fieldset class=\"hidden-fields-container\"><input type=\"hidden\" name=\"_wpcf7\" value=\"29057\" \/><input type=\"hidden\" name=\"_wpcf7_version\" value=\"6.1.5\" \/><input type=\"hidden\" name=\"_wpcf7_locale\" value=\"fr_FR\" \/><input type=\"hidden\" name=\"_wpcf7_unit_tag\" value=\"wpcf7-f29057-o1\" \/><input type=\"hidden\" name=\"_wpcf7_container_post\" value=\"0\" \/><input type=\"hidden\" name=\"_wpcf7_posted_data_hash\" value=\"\" \/>\n<\/fieldset>\n<p><label> Your name:<br \/>\n<span class=\"wpcf7-form-control-wrap\" data-name=\"your-name\"><input size=\"40\" maxlength=\"400\" class=\"wpcf7-form-control wpcf7-text wpcf7-validates-as-required\" aria-required=\"true\" aria-invalid=\"false\" value=\"\" type=\"text\" name=\"your-name\" \/><\/span> <\/label>\n<\/p>\n<p><label> Your email:<br \/>\n<span class=\"wpcf7-form-control-wrap\" data-name=\"your-email\"><input size=\"40\" maxlength=\"400\" class=\"wpcf7-form-control wpcf7-email wpcf7-validates-as-required wpcf7-text wpcf7-validates-as-email\" aria-required=\"true\" aria-invalid=\"false\" value=\"\" type=\"email\" name=\"your-email\" \/><\/span> <\/label>\n<\/p>\n<p><label> You would like to:<br \/>\n<span class=\"wpcf7-form-control-wrap\" data-name=\"menu-509\"><select class=\"wpcf7-form-control wpcf7-select wpcf7-validates-as-required\" aria-required=\"true\" aria-invalid=\"false\" name=\"menu-509\"><option value=\"Acheter\">Buy<\/option><option value=\"Vendre\">Sell<\/option><option value=\"Louer\">Rent<\/option><option value=\"Relocation\">Relocation<\/option><option value=\"Business\">Business<\/option><option value=\"Autre\">Other<\/option><\/select><\/span> <\/label>\n<\/p>\n<p><label> Your message (optional):<br \/>\n<span class=\"wpcf7-form-control-wrap\" data-name=\"your-message\"><textarea cols=\"40\" rows=\"10\" maxlength=\"2000\" class=\"wpcf7-form-control wpcf7-textarea\" aria-invalid=\"false\" name=\"your-message\"><\/textarea><\/span> <\/label>\n<\/p>\n<p><label>Request a call-back (optional):<br \/>\n<span class=\"wpcf7-form-control-wrap\" data-name=\"tel-234\"><input size=\"40\" maxlength=\"400\" class=\"wpcf7-form-control wpcf7-tel wpcf7-text wpcf7-validates-as-tel\" aria-invalid=\"false\" value=\"\" type=\"tel\" name=\"tel-234\" \/><\/span><\/label>\n<\/p>\n<p><input class=\"wpcf7-form-control wpcf7-submit has-spinner\" type=\"submit\" value=\"Send\" \/>\n<\/p><div class=\"wpcf7-response-output\" aria-hidden=\"true\"><\/div>\n<input type=\"hidden\" name=\"trp-form-language\" value=\"en\"\/><\/form>\n<\/div>","protected":false},"excerpt":{"rendered":"<p>Vous cherchez un bien immobilier, nous le trouvons Achat Concr\u00e9tisez votre projet d\u2019achat gr\u00e2ce \u00e0 notre approche sur-mesure et notre parfaite expertise de l\u2019immobilier dans la r\u00e9gion genevoise. Vente At Home in Geneva vous garantit un accompagnement personnalis\u00e9 pour vendre votre bien immobilier dans les meilleurs d\u00e9lais et au meilleur prix. Location Notre expertise de l\u2019immobilier et nos relations privil\u00e9gi\u00e9es avec nos partenaires du &#8230;<\/p>","protected":false},"author":1,"featured_media":0,"parent":0,"menu_order":0,"comment_status":"closed","ping_status":"closed","template":"","meta":{"_et_pb_use_builder":"","_et_pb_old_content":"","_et_gb_content_width":"","footnotes":""},"class_list":["post-27915","page","type-page","status-publish","hentry"],"_links":{"self":[{"href":"https:\/\/athomeingeneva.com\/en\/wp-json\/wp\/v2\/pages\/27915","targetHints":{"allow":["GET"]}}],"collection":[{"href":"https:\/\/athomeingeneva.com\/en\/wp-json\/wp\/v2\/pages"}],"about":[{"href":"https:\/\/athomeingeneva.com\/en\/wp-json\/wp\/v2\/types\/page"}],"author":[{"embeddable":true,"href":"https:\/\/athomeingeneva.com\/en\/wp-json\/wp\/v2\/users\/1"}],"replies":[{"embeddable":true,"href":"https:\/\/athomeingeneva.com\/en\/wp-json\/wp\/v2\/comments?post=27915"}],"version-history":[{"count":276,"href":"https:\/\/athomeingeneva.com\/en\/wp-json\/wp\/v2\/pages\/27915\/revisions"}],"predecessor-version":[{"id":29851,"href":"https:\/\/athomeingeneva.com\/en\/wp-json\/wp\/v2\/pages\/27915\/revisions\/29851"}],"wp:attachment":[{"href":"https:\/\/athomeingeneva.com\/en\/wp-json\/wp\/v2\/media?parent=27915"}],"curies":[{"name":"wp","href":"https:\/\/api.w.org\/{rel}","templated":true}]}}