{"id":28140,"date":"2019-02-14T12:28:00","date_gmt":"2019-02-14T12:28:00","guid":{"rendered":"https:\/\/demo-install.wpestate.org\/?page_id=28140"},"modified":"2021-03-26T13:53:14","modified_gmt":"2021-03-26T12:53:14","slug":"about-us","status":"publish","type":"page","link":"https:\/\/athomeingeneva.com\/en\/about-us\/","title":{"rendered":"About"},"content":{"rendered":"<p>Who are we?\u00a0<img decoding=\"async\" style=\"width: 30%;\" src=\"http:\/\/y58k0aicls.preview.infomaniak.website\/wp-content\/uploads\/2021\/02\/flags.png\" alt=\"Flags\" \/><\/p>\n<p>Nous sommes votre&nbsp;interlocuteur unique pour&nbsp;concr\u00e9tiser votre projet&nbsp;immobilier et vous offrir un&nbsp;service personnalis\u00e9 en&nbsp;privil\u00e9giant une relation de&nbsp;confiance, d\u2019\u00e9coute et de&nbsp;proximit\u00e9 dans le seul but de&nbsp;r\u00e9pondre \u00e0 toutes vos&nbsp;demandes et vous amener \u00e0&nbsp;concr\u00e9tiser votre projet&nbsp;immobilier.<\/p>\n<p>The quality of our services and our clients\u2019 satisfaction are our absolute priority and unconditional objective.<\/p>\n<h2>Contact us<\/h2>\n<p>Tell us more about what you\u2019re looking for, and we\u2019ll get back to you shortly.<\/p>\n\n<div class=\"wpcf7 no-js\" id=\"wpcf7-f29057-o1\" lang=\"fr-FR\" dir=\"ltr\" data-wpcf7-id=\"29057\">\n<div class=\"screen-reader-response\"><p role=\"status\" aria-live=\"polite\" aria-atomic=\"true\"><\/p> <ul><\/ul><\/div>\n<form action=\"\/en\/wp-json\/wp\/v2\/pages\/28140#wpcf7-f29057-o1\" method=\"post\" class=\"wpcf7-form init\" aria-label=\"Formulaire de contact\" novalidate=\"novalidate\" data-status=\"init\" data-trp-original-action=\"\/en\/wp-json\/wp\/v2\/pages\/28140#wpcf7-f29057-o1\">\n<fieldset class=\"hidden-fields-container\"><input type=\"hidden\" name=\"_wpcf7\" value=\"29057\" \/><input type=\"hidden\" name=\"_wpcf7_version\" value=\"6.1.5\" \/><input type=\"hidden\" name=\"_wpcf7_locale\" value=\"fr_FR\" \/><input type=\"hidden\" name=\"_wpcf7_unit_tag\" value=\"wpcf7-f29057-o1\" \/><input type=\"hidden\" name=\"_wpcf7_container_post\" value=\"0\" \/><input type=\"hidden\" name=\"_wpcf7_posted_data_hash\" value=\"\" \/>\n<\/fieldset>\n<p><label> Your name:<br \/>\n<span class=\"wpcf7-form-control-wrap\" data-name=\"your-name\"><input size=\"40\" maxlength=\"400\" class=\"wpcf7-form-control wpcf7-text wpcf7-validates-as-required\" aria-required=\"true\" aria-invalid=\"false\" value=\"\" type=\"text\" name=\"your-name\" \/><\/span> <\/label>\n<\/p>\n<p><label> Your email:<br \/>\n<span class=\"wpcf7-form-control-wrap\" data-name=\"your-email\"><input size=\"40\" maxlength=\"400\" class=\"wpcf7-form-control wpcf7-email wpcf7-validates-as-required wpcf7-text wpcf7-validates-as-email\" aria-required=\"true\" aria-invalid=\"false\" value=\"\" type=\"email\" name=\"your-email\" \/><\/span> <\/label>\n<\/p>\n<p><label> You would like to:<br \/>\n<span class=\"wpcf7-form-control-wrap\" data-name=\"menu-509\"><select class=\"wpcf7-form-control wpcf7-select wpcf7-validates-as-required\" aria-required=\"true\" aria-invalid=\"false\" name=\"menu-509\"><option value=\"Acheter\">Buy<\/option><option value=\"Vendre\">Sell<\/option><option value=\"Louer\">Rent<\/option><option value=\"Relocation\">Relocation<\/option><option value=\"Business\">Business<\/option><option value=\"Autre\">Other<\/option><\/select><\/span> <\/label>\n<\/p>\n<p><label> Your message (optional):<br \/>\n<span class=\"wpcf7-form-control-wrap\" data-name=\"your-message\"><textarea cols=\"40\" rows=\"10\" maxlength=\"2000\" class=\"wpcf7-form-control wpcf7-textarea\" aria-invalid=\"false\" name=\"your-message\"><\/textarea><\/span> <\/label>\n<\/p>\n<p><label>Request a call-back (optional):<br \/>\n<span class=\"wpcf7-form-control-wrap\" data-name=\"tel-234\"><input size=\"40\" maxlength=\"400\" class=\"wpcf7-form-control wpcf7-tel wpcf7-text wpcf7-validates-as-tel\" aria-invalid=\"false\" value=\"\" type=\"tel\" name=\"tel-234\" \/><\/span><\/label>\n<\/p>\n<p><input class=\"wpcf7-form-control wpcf7-submit has-spinner\" type=\"submit\" value=\"Send\" \/>\n<\/p><div class=\"wpcf7-response-output\" aria-hidden=\"true\"><\/div>\n<input type=\"hidden\" name=\"trp-form-language\" value=\"en\"\/><\/form>\n<\/div>\n\n<h2>Our values<\/h2>\n<figure><img decoding=\"async\" width=\"80\" height=\"80\" src=\"https:\/\/www.athomeingeneva.com\/wp-content\/uploads\/2021\/02\/Sans-titre-2.png\" alt=\"\" loading=\"lazy\" srcset=\"https:\/\/www.athomeingeneva.com\/wp-content\/uploads\/2021\/02\/Sans-titre-2.png 80w, https:\/\/www.athomeingeneva.com\/wp-content\/uploads\/2021\/02\/Sans-titre-2-45x45.png 45w, https:\/\/www.athomeingeneva.com\/wp-content\/uploads\/2021\/02\/Sans-titre-2-36x36.png 36w\" sizes=\"(max-width: 80px) 100vw, 80px\" \/><\/figure>\n<h3>Availability<\/h3>\n<p>\u00catre toujours disponible est le point de d\u00e9part pour forger un lien de confiance. C\u2019est une r\u00e8gle d\u2019or<br \/>\nfortement ancr\u00e9e chez At Home in Geneva.<\/p>\n<figure><img decoding=\"async\" width=\"80\" height=\"80\" src=\"https:\/\/www.athomeingeneva.com\/wp-content\/uploads\/2021\/02\/fast.png\" alt=\"\" loading=\"lazy\" srcset=\"https:\/\/www.athomeingeneva.com\/wp-content\/uploads\/2021\/02\/fast.png 80w, https:\/\/www.athomeingeneva.com\/wp-content\/uploads\/2021\/02\/fast-45x45.png 45w, https:\/\/www.athomeingeneva.com\/wp-content\/uploads\/2021\/02\/fast-36x36.png 36w\" sizes=\"(max-width: 80px) 100vw, 80px\" \/><\/figure>\n<h3>Responsiveness<\/h3>\n<p>Notre connaissance approfondie du march\u00e9 immobilier genevois et l\u2019ensemble des comp\u00e9tences<br \/>\ninternes ma\u00eetrisant tous les domaines li\u00e9s \u00e0 l\u2019immobilier, nous permettent de toujours vous conseiller<br \/>\navec fiabilit\u00e9, pr\u00e9cision et rapidit\u00e9.<\/p>\n<figure><img decoding=\"async\" width=\"80\" height=\"80\" src=\"https:\/\/www.athomeingeneva.com\/wp-content\/uploads\/2021\/02\/confidentiality.png\" alt=\"\" loading=\"lazy\" srcset=\"https:\/\/www.athomeingeneva.com\/wp-content\/uploads\/2021\/02\/confidentiality.png 80w, https:\/\/www.athomeingeneva.com\/wp-content\/uploads\/2021\/02\/confidentiality-45x45.png 45w, https:\/\/www.athomeingeneva.com\/wp-content\/uploads\/2021\/02\/confidentiality-36x36.png 36w\" sizes=\"(max-width: 80px) 100vw, 80px\" \/><\/figure>\n<h3>Attention and Confidentiality<\/h3>\n<p>Chez At Home in Geneva, nous sommes conscients que notre m\u00e9tier touche \u00e0 votre intimit\u00e9: votre<br \/>\nfoyer, votre famille, votre patrimoine. Nous sommes \u00e0 votre \u00e9coute, sensibles \u00e0 votre situation et fid\u00e8les \u00e0 vos attentes, en toute discr\u00e9tion et confidentialit\u00e9.<\/p>\n<figure><img decoding=\"async\" width=\"80\" height=\"80\" src=\"https:\/\/www.athomeingeneva.com\/wp-content\/uploads\/2021\/02\/knowhow.png\" alt=\"\" loading=\"lazy\" srcset=\"https:\/\/www.athomeingeneva.com\/wp-content\/uploads\/2021\/02\/knowhow.png 80w, https:\/\/www.athomeingeneva.com\/wp-content\/uploads\/2021\/02\/knowhow-45x45.png 45w, https:\/\/www.athomeingeneva.com\/wp-content\/uploads\/2021\/02\/knowhow-36x36.png 36w\" sizes=\"(max-width: 80px) 100vw, 80px\" \/><\/figure>\n<h3>Expertise<\/h3>\n<p>Our profession is truly a vocation and our daily motivation. Here at At Home in Geneva, understanding the current situation in the Genevan real-estate market \u2013 all while anticipating future changes \u2013 is a given.<\/p>\n<h2>Our vision<\/h2>\n<p>\"Buying, selling, renting, or relocating\u2026 these things aren\u2019t simply \u2018a move\u2019. Any\nhousing plans require a perfect knowledge of the local market and an overall vision\nof every aspect of the plan to anticipate all contingencies.\"<\/p>\n<p>Angelina \u2013 Director<\/p>\n<p>\u00a0<\/p>\n<p>\"The Swiss real estate market is a difficult one. But \"difficult\" isn\u2019t a given: it\u2019s a\nchallenge. Our ultimate goal is to strike the perfect balance between offer and\ndemand, guaranteeing both parties an optimal result, in full transparency; when it\ncomes to your real-estate plans, we offer our professionalism with utmost\nconfidence.\"<\/p>\n<p>Francesca \u2013 Partner<\/p>\n<h2>A few words from our clients<\/h2>\n<p>\t\t\t               Karolina Z.       Location      Angelina and her team has a special challenge to help up with finding dream flat for rent in Geneva. She always responded quickly and arranged views promptly while keeping us up to date about any action taken.<br \/>\n\t\t\t               Arcangelo C.       Achat      Angelina and Francesca are truly professionals in real estate market. They understand the needs of their clients and with kind and professional approach, guide you through all the steps in a very transparent way. I will advise to friends and coworkers.<br \/>\n\t\t\t               Pravesh S.       Relocation      Thank you Francesca who secured a very nice apartment for us, quickly and in the neighborhood of our choice. She is very professional, prompt and affable. I highly recommend her for all your relocation needs. Great experience!<\/p>","protected":false},"excerpt":{"rendered":"<p>Qui sommes-nous ?\u00a0 Nous sommes votre&nbsp;interlocuteur unique pour&nbsp;concr\u00e9tiser votre projet&nbsp;immobilier et vous offrir un&nbsp;service personnalis\u00e9 en&nbsp;privil\u00e9giant une relation de&nbsp;confiance, d\u2019\u00e9coute et de&nbsp;proximit\u00e9 dans le seul but de&nbsp;r\u00e9pondre \u00e0 toutes vos&nbsp;demandes et vous amener \u00e0&nbsp;concr\u00e9tiser votre projet&nbsp;immobilier. La qualit\u00e9 de nos services et la satisfaction de nos clients sont notre priorit\u00e9 absolue et reste notre objectif premier. Contactez-nous D\u00e9crivez-nous votre projet et nous vous recontacterons &#8230;<\/p>","protected":false},"author":1,"featured_media":0,"parent":0,"menu_order":0,"comment_status":"closed","ping_status":"closed","template":"","meta":{"_et_pb_use_builder":"","_et_pb_old_content":"","_et_gb_content_width":"","footnotes":""},"class_list":["post-28140","page","type-page","status-publish","hentry"],"_links":{"self":[{"href":"https:\/\/athomeingeneva.com\/en\/wp-json\/wp\/v2\/pages\/28140","targetHints":{"allow":["GET"]}}],"collection":[{"href":"https:\/\/athomeingeneva.com\/en\/wp-json\/wp\/v2\/pages"}],"about":[{"href":"https:\/\/athomeingeneva.com\/en\/wp-json\/wp\/v2\/types\/page"}],"author":[{"embeddable":true,"href":"https:\/\/athomeingeneva.com\/en\/wp-json\/wp\/v2\/users\/1"}],"replies":[{"embeddable":true,"href":"https:\/\/athomeingeneva.com\/en\/wp-json\/wp\/v2\/comments?post=28140"}],"version-history":[{"count":140,"href":"https:\/\/athomeingeneva.com\/en\/wp-json\/wp\/v2\/pages\/28140\/revisions"}],"predecessor-version":[{"id":29854,"href":"https:\/\/athomeingeneva.com\/en\/wp-json\/wp\/v2\/pages\/28140\/revisions\/29854"}],"wp:attachment":[{"href":"https:\/\/athomeingeneva.com\/en\/wp-json\/wp\/v2\/media?parent=28140"}],"curies":[{"name":"wp","href":"https:\/\/api.w.org\/{rel}","templated":true}]}}