{"id":28178,"date":"2019-02-14T14:14:32","date_gmt":"2019-02-14T13:14:32","guid":{"rendered":"https:\/\/demo-install.wpestate.org\/?page_id=28178"},"modified":"2021-03-10T09:07:40","modified_gmt":"2021-03-10T08:07:40","slug":"achat-wip","status":"publish","type":"page","link":"https:\/\/athomeingeneva.com\/en\/achat-wip\/","title":{"rendered":"Achat Wip"},"content":{"rendered":"<h2>Tout ce qu&rsquo;il faut savoir pour acheter un bien immobilier<\/h2>\n<p>Acheter un bien immobilier est une op\u00e9ration qui peut s\u2019av\u00e9rer complexe : le prix des biens, les\u00a0conditions d&#8217;emprunt et la r\u00e8glementation qui entourent les transactions immobili\u00e8res \u00e9voluent\u00a0r\u00e9guli\u00e8rement.<\/p>\n<p>At Home in Geneva prend le temps d&rsquo;\u00e9couter et comprendre vos projets jusqu\u2019\u00e0 leurs\u00a0concr\u00e9tisations.<\/p>\n<h2>Finding your property<\/h2>\n<p>Searching for a property to buy can be a time-consuming process.<\/p>\n<p>Sans une aide externe, vous risquez de multiplier les visites de biens ne correspondant pas forc\u00e9ment\u00a0\u00e0 vos exigences ou \u00e0 votre budget, de perdre du temps et de manquer des opportunit\u00e9s.<\/p>\n<h2>At Home in Geneva guides and supports you<\/h2>\n<p>Apr\u00e8s avoir \u00e9cout\u00e9, compris et analys\u00e9 votre projet, l\u2019\u00e9quipe de At Home in Geneva sera en mesure\u00a0de vous proposer des solutions personnalis\u00e9es et adapt\u00e9es \u00e0 vos besoins :<\/p>\n<h3>Selection<\/h3>\n<p>Nous vous pr\u00e9senterons des biens en ad\u00e9quation avec votre projet et votre budget, et ayant&nbsp;pr\u00e9alablement \u00e9limin\u00e9 les biens ne correspondant pas \u00e0 vos crit\u00e8res de recherche.<\/p>\n<h3>Proposal<\/h3>\n<p><p style=\"color: rgb(122, 122, 122); font-size: 17px; white-space: normal;\">We\u2019ll be able to direct you to other properties (on- and off-market) to broaden the selection of proposals.<\/p>\n<\/p>\n<h3>Expertise<\/h3>\n<p>Nous vous conseillerons et vous informerons sur les localisations qui vous correspondent&nbsp;(transports, \u00e9coles, commerces\u2026)<\/p>\n<h2>Our advantages<\/h2>\n<figure><img decoding=\"async\" width=\"80\" height=\"80\" src=\"http:\/\/y58k0aicls.preview.infomaniak.website\/wp-content\/uploads\/2021\/02\/help.png\" alt=\"\" loading=\"lazy\" srcset=\"http:\/\/y58k0aicls.preview.infomaniak.website\/wp-content\/uploads\/2021\/02\/help.png 80w, http:\/\/y58k0aicls.preview.infomaniak.website\/wp-content\/uploads\/2021\/02\/help-45x45.png 45w, http:\/\/y58k0aicls.preview.infomaniak.website\/wp-content\/uploads\/2021\/02\/help-36x36.png 36w\" sizes=\"(max-width: 80px) 100vw, 80px\" \/><\/figure>\n<h3>Personalised support <\/h3>\n<p>L&rsquo;achat d\u2019un nouveau logement est un projet immobilier parfois complexe. At Home in Geneva vous<br \/>\naccompagne depuis la d\u00e9finition de votre recherche jusqu&rsquo;\u00e0 la signature de l&rsquo;acte authentique.<\/p>\n<figure><img decoding=\"async\" width=\"80\" height=\"80\" src=\"http:\/\/y58k0aicls.preview.infomaniak.website\/wp-content\/uploads\/2021\/02\/advices.png\" alt=\"\" loading=\"lazy\" srcset=\"http:\/\/y58k0aicls.preview.infomaniak.website\/wp-content\/uploads\/2021\/02\/advices.png 80w, http:\/\/y58k0aicls.preview.infomaniak.website\/wp-content\/uploads\/2021\/02\/advices-45x45.png 45w, http:\/\/y58k0aicls.preview.infomaniak.website\/wp-content\/uploads\/2021\/02\/advices-36x36.png 36w\" sizes=\"(max-width: 80px) 100vw, 80px\" \/><\/figure>\n<h3>Advice adapted to your plans<\/h3>\n<p>En faisant appel \u00e0 At Home in Geneva, vous b\u00e9n\u00e9ficiez de l&rsquo;appui de conseillers \u00e0 votre \u00e9coute, qui<br \/>\nconnaissent parfaitement la r\u00e9gion et qui ma\u00eetrisent toutes les derni\u00e8res \u00e9volutions du march\u00e9 et les<br \/>\nr\u00e8glementations.<\/p>\n<figure><img decoding=\"async\" width=\"80\" height=\"80\" src=\"http:\/\/y58k0aicls.preview.infomaniak.website\/wp-content\/uploads\/2021\/02\/proximity.png\" alt=\"\" loading=\"lazy\" srcset=\"http:\/\/y58k0aicls.preview.infomaniak.website\/wp-content\/uploads\/2021\/02\/proximity.png 80w, http:\/\/y58k0aicls.preview.infomaniak.website\/wp-content\/uploads\/2021\/02\/proximity-45x45.png 45w, http:\/\/y58k0aicls.preview.infomaniak.website\/wp-content\/uploads\/2021\/02\/proximity-36x36.png 36w\" sizes=\"(max-width: 80px) 100vw, 80px\" \/><\/figure>\n<h3>A service on your doorstep<\/h3>\n<p>At Home in Geneva est reconnu pour son savoir-faire, son large r\u00e9seau dans le milieu immobilier<br \/>\ngenevois et son efficacit\u00e9.<\/p>\n<figure><img decoding=\"async\" width=\"80\" height=\"80\" src=\"http:\/\/y58k0aicls.preview.infomaniak.website\/wp-content\/uploads\/2021\/02\/network.png\" alt=\"\" loading=\"lazy\" srcset=\"http:\/\/y58k0aicls.preview.infomaniak.website\/wp-content\/uploads\/2021\/02\/network.png 80w, http:\/\/y58k0aicls.preview.infomaniak.website\/wp-content\/uploads\/2021\/02\/network-45x45.png 45w, http:\/\/y58k0aicls.preview.infomaniak.website\/wp-content\/uploads\/2021\/02\/network-36x36.png 36w\" sizes=\"(max-width: 80px) 100vw, 80px\" \/><\/figure>\n<h3>An extensive network<\/h3>\n<p>En lien avec tous les acteurs immobiliers de la r\u00e9gion genevoise, l\u2019\u00e9quipe de At Home in Geneva est<br \/>\nen mesure de vous proposer un large choix de biens correspondant \u00e0 vos aspirations et de vous<br \/>\naccompagner tout au long de votre projet d\u2019achat.<\/p>\n<p>At Home in Geneva takes care of everything!<\/p>\n<p>At Home in Geneva takes care of your whole real-estate project \u2013 buying, selling, rental, or relocation. Our experts assess your project, research the entire market, make meticulous selections, arrange targeted visits, carry out effective negotiations, find the best-priced offers, request building work quotations, and provide simplified administrative procedures.<\/p>\n<h2>Contact us<\/h2>\n<p>Tell us more about what you\u2019re looking for, and we\u2019ll get back to you shortly.<\/p>\n\n<div class=\"wpcf7 no-js\" id=\"wpcf7-f29057-o1\" lang=\"fr-FR\" dir=\"ltr\" data-wpcf7-id=\"29057\">\n<div class=\"screen-reader-response\"><p role=\"status\" aria-live=\"polite\" aria-atomic=\"true\"><\/p> <ul><\/ul><\/div>\n<form action=\"\/en\/wp-json\/wp\/v2\/pages\/28178#wpcf7-f29057-o1\" method=\"post\" class=\"wpcf7-form init\" aria-label=\"Formulaire de contact\" novalidate=\"novalidate\" data-status=\"init\" data-trp-original-action=\"\/en\/wp-json\/wp\/v2\/pages\/28178#wpcf7-f29057-o1\">\n<fieldset class=\"hidden-fields-container\"><input type=\"hidden\" name=\"_wpcf7\" value=\"29057\" \/><input type=\"hidden\" name=\"_wpcf7_version\" value=\"6.1.5\" \/><input type=\"hidden\" name=\"_wpcf7_locale\" value=\"fr_FR\" \/><input type=\"hidden\" name=\"_wpcf7_unit_tag\" value=\"wpcf7-f29057-o1\" \/><input type=\"hidden\" name=\"_wpcf7_container_post\" value=\"0\" \/><input type=\"hidden\" name=\"_wpcf7_posted_data_hash\" value=\"\" \/>\n<\/fieldset>\n<p><label> Your name:<br \/>\n<span class=\"wpcf7-form-control-wrap\" data-name=\"your-name\"><input size=\"40\" maxlength=\"400\" class=\"wpcf7-form-control wpcf7-text wpcf7-validates-as-required\" aria-required=\"true\" aria-invalid=\"false\" value=\"\" type=\"text\" name=\"your-name\" \/><\/span> <\/label>\n<\/p>\n<p><label> Your email:<br \/>\n<span class=\"wpcf7-form-control-wrap\" data-name=\"your-email\"><input size=\"40\" maxlength=\"400\" class=\"wpcf7-form-control wpcf7-email wpcf7-validates-as-required wpcf7-text wpcf7-validates-as-email\" aria-required=\"true\" aria-invalid=\"false\" value=\"\" type=\"email\" name=\"your-email\" \/><\/span> <\/label>\n<\/p>\n<p><label> You would like to:<br \/>\n<span class=\"wpcf7-form-control-wrap\" data-name=\"menu-509\"><select class=\"wpcf7-form-control wpcf7-select wpcf7-validates-as-required\" aria-required=\"true\" aria-invalid=\"false\" name=\"menu-509\"><option value=\"Acheter\">Buy<\/option><option value=\"Vendre\">Sell<\/option><option value=\"Louer\">Rent<\/option><option value=\"Relocation\">Relocation<\/option><option value=\"Business\">Business<\/option><option value=\"Autre\">Other<\/option><\/select><\/span> <\/label>\n<\/p>\n<p><label> Your message (optional):<br \/>\n<span class=\"wpcf7-form-control-wrap\" data-name=\"your-message\"><textarea cols=\"40\" rows=\"10\" maxlength=\"2000\" class=\"wpcf7-form-control wpcf7-textarea\" aria-invalid=\"false\" name=\"your-message\"><\/textarea><\/span> <\/label>\n<\/p>\n<p><label>Request a call-back (optional):<br \/>\n<span class=\"wpcf7-form-control-wrap\" data-name=\"tel-234\"><input size=\"40\" maxlength=\"400\" class=\"wpcf7-form-control wpcf7-tel wpcf7-text wpcf7-validates-as-tel\" aria-invalid=\"false\" value=\"\" type=\"tel\" name=\"tel-234\" \/><\/span><\/label>\n<\/p>\n<p><input class=\"wpcf7-form-control wpcf7-submit has-spinner\" type=\"submit\" value=\"Send\" \/>\n<\/p><div class=\"wpcf7-response-output\" aria-hidden=\"true\"><\/div>\n<input type=\"hidden\" name=\"trp-form-language\" value=\"en\"\/><\/form>\n<\/div>","protected":false},"excerpt":{"rendered":"<p>Tout ce qu&rsquo;il faut savoir pour acheter un bien immobilier Acheter un bien immobilier est une op\u00e9ration qui peut s\u2019av\u00e9rer complexe : le prix des biens, les\u00a0conditions d&#8217;emprunt et la r\u00e8glementation qui entourent les transactions immobili\u00e8res \u00e9voluent\u00a0r\u00e9guli\u00e8rement. At Home in Geneva prend le temps d&rsquo;\u00e9couter et comprendre vos projets jusqu\u2019\u00e0 leurs\u00a0concr\u00e9tisations. La recherche de votre bien immobilier La recherche d\u2019un bien immobilier \u00e0 acheter &#8230;<\/p>","protected":false},"author":1,"featured_media":0,"parent":0,"menu_order":0,"comment_status":"closed","ping_status":"closed","template":"","meta":{"_et_pb_use_builder":"","_et_pb_old_content":"","_et_gb_content_width":"","footnotes":""},"class_list":["post-28178","page","type-page","status-publish","hentry"],"_links":{"self":[{"href":"https:\/\/athomeingeneva.com\/en\/wp-json\/wp\/v2\/pages\/28178","targetHints":{"allow":["GET"]}}],"collection":[{"href":"https:\/\/athomeingeneva.com\/en\/wp-json\/wp\/v2\/pages"}],"about":[{"href":"https:\/\/athomeingeneva.com\/en\/wp-json\/wp\/v2\/types\/page"}],"author":[{"embeddable":true,"href":"https:\/\/athomeingeneva.com\/en\/wp-json\/wp\/v2\/users\/1"}],"replies":[{"embeddable":true,"href":"https:\/\/athomeingeneva.com\/en\/wp-json\/wp\/v2\/comments?post=28178"}],"version-history":[{"count":96,"href":"https:\/\/athomeingeneva.com\/en\/wp-json\/wp\/v2\/pages\/28178\/revisions"}],"predecessor-version":[{"id":29821,"href":"https:\/\/athomeingeneva.com\/en\/wp-json\/wp\/v2\/pages\/28178\/revisions\/29821"}],"wp:attachment":[{"href":"https:\/\/athomeingeneva.com\/en\/wp-json\/wp\/v2\/media?parent=28178"}],"curies":[{"name":"wp","href":"https:\/\/api.w.org\/{rel}","templated":true}]}}