{"id":28216,"date":"2019-02-19T13:13:39","date_gmt":"2019-02-19T13:13:39","guid":{"rendered":"https:\/\/demo-install.wpestate.org\/?page_id=28216"},"modified":"2021-03-07T19:10:47","modified_gmt":"2021-03-07T18:10:47","slug":"relocation","status":"publish","type":"page","link":"https:\/\/athomeingeneva.com\/en\/relocation\/","title":{"rendered":"Relocation"},"content":{"rendered":"<h2>Enjoy a different relocation experience<\/h2>\n<p>Relocating a life or a job from one region or country to another is much more than simply moving. At Home in Geneva supports you in all the procedures inherent in professional and geographic mobility, and does everything to ensure that the transition to your new environment goes smoothly.<\/p>\n<h2>Our support<\/h2>\n<figure><img decoding=\"async\" width=\"95\" height=\"100\" src=\"http:\/\/y58k0aicls.preview.infomaniak.website\/wp-content\/uploads\/2021\/03\/search.png\" alt=\"\" loading=\"lazy\" \/><\/figure>\n<h3>Finding housing<\/h3>\n<p>Notre objectif est d&rsquo;apprendre \u00e0 vous conna\u00eetre pour identifier avec le maximum de pr\u00e9cisions vos crit\u00e8res de recherche afin de vous pr\u00e9senter une large s\u00e9lection de biens on et off-market, long terme ou temporaires correspondants \u00e0 vos attentes. At Home in Geneva vous accompagne de A \u00e0 Z dans votre relocation et reste \u00e0 vos c\u00f4t\u00e9s jusqu\u2019\u00e0 la fin de votre installation.<\/p>\n<figure><img decoding=\"async\" width=\"95\" height=\"100\" src=\"http:\/\/y58k0aicls.preview.infomaniak.website\/wp-content\/uploads\/2021\/03\/services.png\" alt=\"\" loading=\"lazy\" \/><\/figure>\n<h3>A-la-carte service<\/h3>\n<p>Time is so precious\u2026 At Home in Geneva answers all the questions you\u2019ll have when you arrive in Geneva. And since successfully settling in doesn't only mean at work or in your new home, we also offer \u00e0 la carte services enabling you to fully enjoy your new life.<\/p>\n<figure><img decoding=\"async\" width=\"95\" height=\"100\" src=\"http:\/\/y58k0aicls.preview.infomaniak.website\/wp-content\/uploads\/2021\/03\/leave.png\" alt=\"\" loading=\"lazy\" \/><\/figure>\n<h3>Departure support<\/h3>\n<p>Et si vous deviez quitter Gen\u00e8ve&#8230; At Home in Geneva vous accompagne dans les d\u00e9marches administratives li\u00e9es \u00e0 votre d\u00e9part telles que recherche d&rsquo;entreprises de d\u00e9m\u00e9nagement, r\u00e9siliation de bail, recherche d&rsquo;un nouveau locataire en cas r\u00e9siliation anticip\u00e9e&#8230; <\/p>\n<h6>\u00ab\u00a0Dites-nous ce qui vous tient \u00e0 coeur et nous saurons l&rsquo;int\u00e9grer dans nos services \u00e0 la carte\u00a0\u00bb<\/h6>\n<p>Your needs and expectations are our core concern.<\/p>\n<p>Our 360-degree approach provides you with concrete, tailored solutions to ensure your successful integration.<\/p>\n<p>At Home in Geneva takes care of everything. All you have to do... is choose!<\/p>\n<p>At Home in Geneva takes care of your whole real-estate project \u2013 buying, selling, rental, or relocation. Our experts assess your project, research the entire market, make meticulous selections, arrange targeted visits, carry out effective negotiations, find the best-priced offers, request building work quotations, and provide simplified administrative procedures.<\/p>\n<h2>Contact us<\/h2>\n<p>Tell us more about what you\u2019re looking for, and we\u2019ll get back to you shortly.<\/p>\n\n<div class=\"wpcf7 no-js\" id=\"wpcf7-f29057-o1\" lang=\"fr-FR\" dir=\"ltr\" data-wpcf7-id=\"29057\">\n<div class=\"screen-reader-response\"><p role=\"status\" aria-live=\"polite\" aria-atomic=\"true\"><\/p> <ul><\/ul><\/div>\n<form action=\"\/en\/wp-json\/wp\/v2\/pages\/28216#wpcf7-f29057-o1\" method=\"post\" class=\"wpcf7-form init\" aria-label=\"Formulaire de contact\" novalidate=\"novalidate\" data-status=\"init\" data-trp-original-action=\"\/en\/wp-json\/wp\/v2\/pages\/28216#wpcf7-f29057-o1\">\n<fieldset class=\"hidden-fields-container\"><input type=\"hidden\" name=\"_wpcf7\" value=\"29057\" \/><input type=\"hidden\" name=\"_wpcf7_version\" value=\"6.1.5\" \/><input type=\"hidden\" name=\"_wpcf7_locale\" value=\"fr_FR\" \/><input type=\"hidden\" name=\"_wpcf7_unit_tag\" value=\"wpcf7-f29057-o1\" \/><input type=\"hidden\" name=\"_wpcf7_container_post\" value=\"0\" \/><input type=\"hidden\" name=\"_wpcf7_posted_data_hash\" value=\"\" \/>\n<\/fieldset>\n<p><label> Your name:<br \/>\n<span class=\"wpcf7-form-control-wrap\" data-name=\"your-name\"><input size=\"40\" maxlength=\"400\" class=\"wpcf7-form-control wpcf7-text wpcf7-validates-as-required\" aria-required=\"true\" aria-invalid=\"false\" value=\"\" type=\"text\" name=\"your-name\" \/><\/span> <\/label>\n<\/p>\n<p><label> Your email:<br \/>\n<span class=\"wpcf7-form-control-wrap\" data-name=\"your-email\"><input size=\"40\" maxlength=\"400\" class=\"wpcf7-form-control wpcf7-email wpcf7-validates-as-required wpcf7-text wpcf7-validates-as-email\" aria-required=\"true\" aria-invalid=\"false\" value=\"\" type=\"email\" name=\"your-email\" \/><\/span> <\/label>\n<\/p>\n<p><label> You would like to:<br \/>\n<span class=\"wpcf7-form-control-wrap\" data-name=\"menu-509\"><select class=\"wpcf7-form-control wpcf7-select wpcf7-validates-as-required\" aria-required=\"true\" aria-invalid=\"false\" name=\"menu-509\"><option value=\"Acheter\">Buy<\/option><option value=\"Vendre\">Sell<\/option><option value=\"Louer\">Rent<\/option><option value=\"Relocation\">Relocation<\/option><option value=\"Business\">Business<\/option><option value=\"Autre\">Other<\/option><\/select><\/span> <\/label>\n<\/p>\n<p><label> Your message (optional):<br \/>\n<span class=\"wpcf7-form-control-wrap\" data-name=\"your-message\"><textarea cols=\"40\" rows=\"10\" maxlength=\"2000\" class=\"wpcf7-form-control wpcf7-textarea\" aria-invalid=\"false\" name=\"your-message\"><\/textarea><\/span> <\/label>\n<\/p>\n<p><label>Request a call-back (optional):<br \/>\n<span class=\"wpcf7-form-control-wrap\" data-name=\"tel-234\"><input size=\"40\" maxlength=\"400\" class=\"wpcf7-form-control wpcf7-tel wpcf7-text wpcf7-validates-as-tel\" aria-invalid=\"false\" value=\"\" type=\"tel\" name=\"tel-234\" \/><\/span><\/label>\n<\/p>\n<p><input class=\"wpcf7-form-control wpcf7-submit has-spinner\" type=\"submit\" value=\"Send\" \/>\n<\/p><div class=\"wpcf7-response-output\" aria-hidden=\"true\"><\/div>\n<input type=\"hidden\" name=\"trp-form-language\" value=\"en\"\/><\/form>\n<\/div>","protected":false},"excerpt":{"rendered":"<p>Vivez votre relocation diff\u00e9remment Transf\u00e9rer une vie ou une activit\u00e9 depuis une autre r\u00e9gion ou un autre pays ne se r\u00e9sume pas \u00e0 un simple d\u00e9m\u00e9nagement. At Home in Geneva vous accompagne dans toutes vos d\u00e9marches induites par la mobilit\u00e9 professionnelle et g\u00e9ographiques et met tout en oeuvre pour que cette transition s&rsquo;op\u00e8re en douceur vers votre nouvel environnement. Notre accompagnement Recherche de logement &#8230;<\/p>","protected":false},"author":1,"featured_media":0,"parent":0,"menu_order":0,"comment_status":"closed","ping_status":"closed","template":"","meta":{"_et_pb_use_builder":"","_et_pb_old_content":"","_et_gb_content_width":"","footnotes":""},"class_list":["post-28216","page","type-page","status-publish","hentry"],"_links":{"self":[{"href":"https:\/\/athomeingeneva.com\/en\/wp-json\/wp\/v2\/pages\/28216","targetHints":{"allow":["GET"]}}],"collection":[{"href":"https:\/\/athomeingeneva.com\/en\/wp-json\/wp\/v2\/pages"}],"about":[{"href":"https:\/\/athomeingeneva.com\/en\/wp-json\/wp\/v2\/types\/page"}],"author":[{"embeddable":true,"href":"https:\/\/athomeingeneva.com\/en\/wp-json\/wp\/v2\/users\/1"}],"replies":[{"embeddable":true,"href":"https:\/\/athomeingeneva.com\/en\/wp-json\/wp\/v2\/comments?post=28216"}],"version-history":[{"count":77,"href":"https:\/\/athomeingeneva.com\/en\/wp-json\/wp\/v2\/pages\/28216\/revisions"}],"predecessor-version":[{"id":29733,"href":"https:\/\/athomeingeneva.com\/en\/wp-json\/wp\/v2\/pages\/28216\/revisions\/29733"}],"wp:attachment":[{"href":"https:\/\/athomeingeneva.com\/en\/wp-json\/wp\/v2\/media?parent=28216"}],"curies":[{"name":"wp","href":"https:\/\/api.w.org\/{rel}","templated":true}]}}