{"id":5275,"date":"2014-05-24T13:51:08","date_gmt":"2014-05-24T13:51:08","guid":{"rendered":"http:\/\/wpresidence.net\/?page_id=9"},"modified":"2021-03-08T11:15:11","modified_gmt":"2021-03-08T10:15:11","slug":"legal","status":"publish","type":"page","link":"https:\/\/athomeingeneva.com\/en\/legal\/","title":{"rendered":"Legal Notices"},"content":{"rendered":"<p class=\"p1\"><span class=\"s1\">Welcome to the athomeingeneva.com website, representing AT HOME IN GENEVA SARL.<\/span><\/p>\n<p class=\"p1\"><span class=\"s1\">&nbsp;<\/span><\/p>\n<p class=\"p1\"><span class=\"s1\"><b>General<\/b><\/span><\/p>\n<p class=\"p1\"><span class=\"s1\">By accessing the web pages of our www.athomeingeneva.com website you assert that you\nhave understood and accepted the terms of use and the legal references relating to them. <a href=\"https:\/\/athomeingeneva.com\/en\/\"><span class=\"s2\">www.athomeingeneva.com<\/span><\/a> vous d\u00e9clarez avoir compris et accepter les conditions d&rsquo;utilisation et les mentions juridiques s&rsquo;y rapportant.<\/span><\/p>\n<p class=\"p1\"><span class=\"s1\">&nbsp;<\/span><\/p>\n<p class=\"p1\"><span class=\"s1\"><b>Content<\/b><\/span><\/p>\n<p class=\"p1\"><span class=\"s1\">Our website allows you, in particular, to obtain information about our company, to consult\nthe properties that we offer for sale and rental, as well as the articles we publish on our\nindustry.<\/span><\/p>\n<p class=\"p1\"><span class=\"s1\">The information provided on this site is given for informational purposes and is not\ncontractual in nature, as the latter are subject to change as the market evolves.<\/span><\/p>\n<p class=\"p1\"><span class=\"s1\">&nbsp;<\/span><\/p>\n<p class=\"p1\"><span class=\"s1\"><b>Legal Notices<\/b><\/span><\/p>\n<p class=\"p1\"><span class=\"s1\"><b>Website usage<\/b><\/span><\/p>\n<p class=\"p1\"><span class=\"s1\">All content on our website is copyrighted and, unless otherwise stated, is the exclusive and\ntotal property of AT HOME IN GENEVA. Opening, downloading, or copying pages does not\nlead to the acquisition of rights (use rights, intellectual property rights, etc.).\nUnless prior written consent is given, it is strictly forbidden to reproduce, send (by any\nmeans), modify, link with, or use our website for public, commercial, or private purposes.\nSimilarly, any use of the content and our website without prior consent will be subject to\nlegal action.<\/span><\/p>\n<p class=\"p1\"><span class=\"s1\">&nbsp;<\/span><\/p>\n<p class=\"p1\"><span class=\"s1\"><b>Exclusion of warranty and liability<\/b><\/span><\/p>\n<p class=\"p1\"><span class=\"s1\">AT HOME IN GENEVA declines all liability for any losses or damages resulting from access to,\nor use of, the website, or caused by links to third-party websites on our website. All liability\nis also excluded in the event of loss of earnings, Internet error, any kind of error (e.g.,\ninterruption in services, malfunctions, viruses, harmful components, terrorist acts, etc.),\nabuse by third parties (consultation of data, copies, etc.) or loss of programmes or other\ndata in your information systems.<\/span><\/p>\n<p class=\"p1\"><span class=\"s1\">Toute responsabilit\u00e9 est \u00e9galement exclue en cas de manque \u00e0 gagner, d&rsquo;erreur d&rsquo;Internet, quelle qu&rsquo;elle soit (par ex. interruption de l&rsquo;exploitation, dysfonctionnements, virus, composants dommageables, actes terroristes, etc.), d&rsquo;abus par des tiers (consultation de donn\u00e9es, copies, etc.) ou de perte de programmes ou d&rsquo;autres donn\u00e9es dans vos syst\u00e8mes d&rsquo;information.<\/span><\/p>\n<p class=\"p1\"><span class=\"s1\">&nbsp;<\/span><\/p>\n<p class=\"p1\"><span class=\"s1\"><b>Links to other websites<\/b><\/span><\/p>\n<p class=\"p1\"><span class=\"s1\">Certain links on our website allow access to third-party websites over which we have no\ninfluence. We therefore take no responsibility for the completeness, exhaustiveness, or\nlegality of the content and links with other sites featured on them or for any products, offers\nand services presented there. The same applies when these sites contain the logo of our AT\nHOME IN GENEVA brand or another protected designation. Access to websites accessible\nthrough links is under your own responsibility.<\/span><\/p>\n<p class=\"p1\"><span class=\"s1\">&nbsp;<\/span><\/p>\n<p class=\"p1\"><span class=\"s1\"><b>Privacy policy<\/b><\/span><\/p>\n<p class=\"p1\"><span class=\"s1\"><b>Data protection provisions<\/b><\/span><\/p>\n<p class=\"p1\"><span class=\"s1\">The protection of your privacy and the security of your personal data are of particular\nconcern to us. The data you transmit is treated with the utmost care. When you use our\n\nwebsite, our applications are in line with the applicable provisions of data protection\nlegislation.<\/span><\/p>\n<p class=\"p1\"><span class=\"s1\">When accessing our website and in case of electronic contact or communication, user data\npasses through an open network that is accessible to all. Even if the transmission is in the\nform of encoded packets, the information about the sender and the recipient is not\nencrypted. It is therefore not excluded that third parties have access to such information.<\/span><\/p>\n<p class=\"p1\"><span class=\"s1\">Your data is treated exclusively for the purposes for which you have provided it to us or in\nobvious connection with these purposes. As part of the provision of our services and\ncustomer satisfaction measures, we may have to work with independent companies. We\ncarefully monitor these third parties, and the latter are contractually obligated to comply\nwith data protection provisions.<\/span><\/p>\n<p class=\"p1\"><span class=\"s1\">By disclosing your personal data, you also assert your agreement that it can be used for\nmarketing or advertising purposes as well as for tracking existing and future customer\nrelationships.<\/span><\/p>\n<p class=\"p1\"><span class=\"s1\">Confidentiality in e-mail communication is not guaranteed. Furthermore, an exchange or\nrequest for information via this site has no legal value and cannot be considered a\ntransaction.<\/span><\/p>\n<p class=\"p1\"><span class=\"s1\">The use of electronic media (Internet, e-mail, etc.) carries a risk of viruses and targeted\nattacks by hackers. It is your responsibility to protect yourself against this.<\/span><\/p>\n<p class=\"p1\"><span class=\"s1\">&nbsp;<\/span><\/p>\n<p class=\"p1\"><span class=\"s1\"><b>Registration form<\/b><\/span><\/p>\n<p class=\"p1\"><span class=\"s1\">Personal information collected from registration forms (such as surname, first name,\naddress, phone number, or email address) is used to send you information about our\nproducts and services and is intended to be shared.<\/span><\/p>\n<p class=\"p1\"><span class=\"s1\">&nbsp;<\/span><\/p>\n<p class=\"p1\"><span class=\"s1\"><b>Personal data<\/b><\/span><\/p>\n<p class=\"p1\"><span class=\"s1\">When accessing our website, specific invisible cookies or pixels can be used to obtain non-\npersonal data about the use of this website.<\/span><\/p>\n<p class=\"p1\"><span class=\"s1\">This data is protected from unauthorised access and is not communicated to third parties\noutside of AT HOME IN GENEVA and the company that designs our website. We only analyse\nthe data anonymously and for statistical purposes. We do not use personal data unless\nexpressly authorised to do so by the user.<\/span><\/p>\n<p class=\"p1\"><span class=\"s1\">Within AT HOME IN GENVA, personal data is transmitted and stored in a secure\nenvironment. We take all appropriate measures to ensure that personal data is not\naccessible to third parties other than our authorised partners.<\/span><\/p>\n<p class=\"p1\"><span class=\"s1\"><b>Should you have any questions about data protection, kindly contact our headquarters at\nthe following postal address:<\/b><\/span><\/p>\n<p class=\"p1\"><span class=\"s1\"><b>AT HOME IN GENEVA SARL<br \/>\n<\/b>14, rue des Cordiers<br \/>\n1207 Gen\u00e8ve<span class=\"Apple-converted-space\">&nbsp;<\/span><\/span><\/p>\n<p class=\"p1\"><span class=\"s1\">&nbsp;<\/span><\/p>","protected":false},"excerpt":{"rendered":"<p>Bienvenue sur le site internet athomeingeneva.com repr\u00e9sentant la soci\u00e9t\u00e9 AT HOME IN GENEVA SARL. &nbsp; G\u00e9n\u00e9ralit\u00e9s En acc\u00e9dant aux pages web de notre site internet www.athomeingeneva.com vous d\u00e9clarez avoir compris et accepter les conditions d&rsquo;utilisation et les mentions juridiques s&rsquo;y rapportant. &nbsp; Contenu Notre site internet vous permet, notamment, d\u2019obtenir des informations sur notre soci\u00e9t\u00e9, de consulter les biens immobiliers que nous proposons \u00e0 &#8230;<\/p>","protected":false},"author":1,"featured_media":0,"parent":0,"menu_order":0,"comment_status":"closed","ping_status":"closed","template":"terms_conditions.php","meta":{"_et_pb_use_builder":"","_et_pb_old_content":"","_et_gb_content_width":"","footnotes":""},"class_list":["post-5275","page","type-page","status-publish","hentry"],"_links":{"self":[{"href":"https:\/\/athomeingeneva.com\/en\/wp-json\/wp\/v2\/pages\/5275","targetHints":{"allow":["GET"]}}],"collection":[{"href":"https:\/\/athomeingeneva.com\/en\/wp-json\/wp\/v2\/pages"}],"about":[{"href":"https:\/\/athomeingeneva.com\/en\/wp-json\/wp\/v2\/types\/page"}],"author":[{"embeddable":true,"href":"https:\/\/athomeingeneva.com\/en\/wp-json\/wp\/v2\/users\/1"}],"replies":[{"embeddable":true,"href":"https:\/\/athomeingeneva.com\/en\/wp-json\/wp\/v2\/comments?post=5275"}],"version-history":[{"count":3,"href":"https:\/\/athomeingeneva.com\/en\/wp-json\/wp\/v2\/pages\/5275\/revisions"}],"predecessor-version":[{"id":29805,"href":"https:\/\/athomeingeneva.com\/en\/wp-json\/wp\/v2\/pages\/5275\/revisions\/29805"}],"wp:attachment":[{"href":"https:\/\/athomeingeneva.com\/en\/wp-json\/wp\/v2\/media?parent=5275"}],"curies":[{"name":"wp","href":"https:\/\/api.w.org\/{rel}","templated":true}]}}